{"id":25,"date":"2022-05-31T16:19:29","date_gmt":"2022-05-31T14:19:29","guid":{"rendered":"http:\/\/francoisbuffet.com\/francois-2022\/?page_id=25"},"modified":"2022-12-09T10:35:12","modified_gmt":"2022-12-09T09:35:12","slug":"accueil","status":"publish","type":"page","link":"https:\/\/francoisbuffet.com\/francois-2022\/","title":{"rendered":"Accueil"},"content":{"rendered":"<p>[vc_row row_height_percent=&#8221;0&#8243; back_color=&#8221;color-211273&#8243; overlay_alpha=&#8221;50&#8243; gutter_size=&#8221;3&#8243; column_width_percent=&#8221;100&#8243; shift_y=&#8221;0&#8243; z_index=&#8221;0&#8243; uncode_shortcode_id=&#8221;117451&#8243; back_color_type=&#8221;uncode-palette&#8221;][vc_column width=&#8221;1\/2&#8243;][vc_row_inner row_inner_height_percent=&#8221;0&#8243; back_color=&#8221;color-176097&#8243; overlay_alpha=&#8221;50&#8243; gutter_size=&#8221;3&#8243; shift_y=&#8221;0&#8243; z_index=&#8221;0&#8243; uncode_shortcode_id=&#8221;153401&#8243; back_color_type=&#8221;uncode-palette&#8221;][vc_column_inner column_width_percent=&#8221;100&#8243; gutter_size=&#8221;3&#8243; override_padding=&#8221;yes&#8221; column_padding=&#8221;2&#8243; overlay_alpha=&#8221;50&#8243; shift_x=&#8221;0&#8243; shift_y=&#8221;0&#8243; shift_y_down=&#8221;0&#8243; z_index=&#8221;0&#8243; medium_width=&#8221;0&#8243; mobile_width=&#8221;0&#8243; width=&#8221;1\/1&#8243; uncode_shortcode_id=&#8221;860391&#8243;][vc_column_text uncode_shortcode_id=&#8221;108703&#8243;]<div class=\"mec-wrap mec-skin-list-container \" id=\"mec_skin_163\">\n    \n        \n        <div class=\"mec-skin-list-events-container\" id=\"mec_skin_events_163\">\n        Aucun \u00e9v\u00e9nement \u00e0 venir !    <\/div>\n        \n        \n<\/div>\n[\/vc_column_text][vc_column_text uncode_shortcode_id=&#8221;226372&#8243;]<div class=\"mec-wrap mec-skin-list-container \" id=\"mec_skin_45\">\n    \n        \n        <div class=\"mec-skin-list-events-container\" id=\"mec_skin_events_45\">\n        <div class=\"mec-wrap colorskin-custom\">\n\t<div class=\"mec-event-list-classic\">\n\t\t\n                    \n                        <article class=\"mec-event-article mec-clear\">\n                                    <div class=\"mec-event-image\"><img width=\"100\" height=\"100\" src=\"https:\/\/francoisbuffet.com\/francois-2022\/wp-content\/uploads\/2025\/08\/theacousmaticproject_logo.svg\" class=\"attachment-thumbnail size-thumbnail wp-post-image\" alt=\"\" data-mec-postid=\"552\" loading=\"lazy\" \/><\/div>\n                                            <div class=\"mec-event-date mec-color\"><i class=\"mec-sl-calendar\"><\/i> Sep 27 2025<\/div>\n                                        <h4 class=\"mec-event-title\"><a class=\"mec-color-hover\" data-event-id=\"552\" href=\"https:\/\/theacousmaticproject.at\/en\/event\/echoes-around-me-2025-illusionary-listening-2\/\">The Acousmatic Project &#8211; Echoes around me<\/a><span class=\"event-color\" style=\"background: #fdd700\"><\/span><\/h4>\n                    <div class=\"mec-event-detail\"><i class=\"mec-sl-map-marker\"><\/i> Vienna - Austria<\/div>                            <\/article>\n            \t\t\n                    \n                        <article class=\"mec-event-article mec-clear\">\n                                    <div class=\"mec-event-image\"><img width=\"105\" height=\"150\" src=\"https:\/\/francoisbuffet.com\/francois-2022\/wp-content\/uploads\/2025\/08\/affiche_2025.webp\" class=\"attachment-thumbnail size-thumbnail wp-post-image\" alt=\"\" data-mec-postid=\"550\" loading=\"lazy\" \/><\/div>\n                                            <div class=\"mec-event-date mec-color\"><i class=\"mec-sl-calendar\"><\/i> Sep 04 2025<\/div>\n                                        <h4 class=\"mec-event-title\"><a class=\"mec-color-hover\" data-event-id=\"550\" href=\"https:\/\/www.sonmire.org\/\">Festival Le Son Mir\u00e9<\/a><span class=\"event-color\" style=\"background: #fdd700\"><\/span><\/h4>\n                    <div class=\"mec-event-detail\"><i class=\"mec-sl-map-marker\"><\/i> Fabrezan<\/div>                            <\/article>\n            \t\t\n                    \n                        <article class=\"mec-event-article mec-clear\">\n                                    <div class=\"mec-event-image\"><img width=\"150\" height=\"150\" src=\"https:\/\/francoisbuffet.com\/francois-2022\/wp-content\/uploads\/2025\/02\/MR-atomium-150x150.png\" class=\"attachment-thumbnail size-thumbnail wp-post-image\" alt=\"\" data-mec-postid=\"536\" loading=\"lazy\" srcset=\"https:\/\/francoisbuffet.com\/francois-2022\/wp-content\/uploads\/2025\/02\/MR-atomium-150x150.png 150w, https:\/\/francoisbuffet.com\/francois-2022\/wp-content\/uploads\/2025\/02\/MR-atomium-300x300.png 300w, https:\/\/francoisbuffet.com\/francois-2022\/wp-content\/uploads\/2025\/02\/MR-atomium.png 480w\" sizes=\"(max-width: 150px) 100vw, 150px\" \/><\/div>\n                                            <div class=\"mec-event-date mec-color\"><i class=\"mec-sl-calendar\"><\/i> Mar 05 2025<\/div>\n                                        <h4 class=\"mec-event-title\"><a class=\"mec-color-hover\" data-event-id=\"536\" href=\"https:\/\/www.musiques-recherches.be\/fr\/even\/937-concert-acousmatique-electrobelge\">Electrobelge &#8211; Musiques&#038;Recherches<\/a><span class=\"event-color\" style=\"background: #fdd700\"><\/span><\/h4>\n                    <div class=\"mec-event-detail\"><i class=\"mec-sl-map-marker\"><\/i> Espace Senghor - Bruxelles<\/div>                            <\/article>\n            \t\t\n                    \n                        <article class=\"mec-event-article mec-clear\">\n                                    <div class=\"mec-event-image\"><img width=\"150\" height=\"150\" src=\"https:\/\/francoisbuffet.com\/francois-2022\/wp-content\/uploads\/2024\/10\/after1-150x150.jpeg\" class=\"attachment-thumbnail size-thumbnail wp-post-image\" alt=\"\" data-mec-postid=\"533\" loading=\"lazy\" srcset=\"https:\/\/francoisbuffet.com\/francois-2022\/wp-content\/uploads\/2024\/10\/after1-150x150.jpeg 150w, https:\/\/francoisbuffet.com\/francois-2022\/wp-content\/uploads\/2024\/10\/after1-300x300.jpeg 300w, https:\/\/francoisbuffet.com\/francois-2022\/wp-content\/uploads\/2024\/10\/after1-560x560.jpeg 560w\" sizes=\"(max-width: 150px) 100vw, 150px\" \/><\/div>\n                                            <div class=\"mec-event-date mec-color\"><i class=\"mec-sl-calendar\"><\/i> D\u00e9c 02 2024<\/div>\n                                        <h4 class=\"mec-event-title\"><a class=\"mec-color-hover\" data-event-id=\"533\" href=\"https:\/\/muslab.org\/indexing.html\">AFTER : Music International Exhibition MUSLAB &#8211; Mexico<\/a><span class=\"event-color\" style=\"background: #fdd700\"><\/span><\/h4>\n                    <div class=\"mec-event-detail\"><i class=\"mec-sl-map-marker\"><\/i> Prometeo Theatre - Quito - Ecuador<\/div>                            <\/article>\n            \t\t\n                    \n                        <article class=\"mec-event-article mec-clear\">\n                                    <div class=\"mec-event-image\"><img width=\"150\" height=\"150\" src=\"https:\/\/francoisbuffet.com\/francois-2022\/wp-content\/uploads\/2024\/10\/ill_s4971__xvifestivallicences_13802-150x150.jpeg\" class=\"attachment-thumbnail size-thumbnail wp-post-image\" alt=\"\" data-mec-postid=\"531\" loading=\"lazy\" srcset=\"https:\/\/francoisbuffet.com\/francois-2022\/wp-content\/uploads\/2024\/10\/ill_s4971__xvifestivallicences_13802-150x150.jpeg 150w, https:\/\/francoisbuffet.com\/francois-2022\/wp-content\/uploads\/2024\/10\/ill_s4971__xvifestivallicences_13802-300x300.jpeg 300w, https:\/\/francoisbuffet.com\/francois-2022\/wp-content\/uploads\/2024\/10\/ill_s4971__xvifestivallicences_13802-560x560.jpeg 560w\" sizes=\"(max-width: 150px) 100vw, 150px\" \/><\/div>\n                                            <div class=\"mec-event-date mec-color\"><i class=\"mec-sl-calendar\"><\/i> Oct 17 2024<span class=\"mec-end-date-label\"> - Oct 19 2024<\/span><\/div>\n                                        <h4 class=\"mec-event-title\"><a class=\"mec-color-hover\" data-event-id=\"531\" href=\"https:\/\/www.billetweb.fr\/festival-licences-16e-edition\">Festival Licence<\/a><span class=\"event-color\" style=\"background: #fdd700\"><\/span><\/h4>\n                    <div class=\"mec-event-detail\"><i class=\"mec-sl-map-marker\"><\/i> Th\u00e9\u00e2tre Aleph - Ivry<\/div>                            <\/article>\n            \t\t\n                    \n                        <article class=\"mec-event-article mec-clear\">\n                                    <div class=\"mec-event-image\"><img width=\"150\" height=\"150\" src=\"https:\/\/francoisbuffet.com\/francois-2022\/wp-content\/uploads\/2024\/08\/LH-e\u0301te\u0301-150x150.jpeg\" class=\"attachment-thumbnail size-thumbnail wp-post-image\" alt=\"\" data-mec-postid=\"525\" loading=\"lazy\" srcset=\"https:\/\/francoisbuffet.com\/francois-2022\/wp-content\/uploads\/2024\/08\/LH-e\u0301te\u0301-150x150.jpeg 150w, https:\/\/francoisbuffet.com\/francois-2022\/wp-content\/uploads\/2024\/08\/LH-e\u0301te\u0301-300x300.jpeg 300w, https:\/\/francoisbuffet.com\/francois-2022\/wp-content\/uploads\/2024\/08\/LH-e\u0301te\u0301-560x560.jpeg 560w, https:\/\/francoisbuffet.com\/francois-2022\/wp-content\/uploads\/2024\/08\/LH-e\u0301te\u0301.jpeg 750w\" sizes=\"(max-width: 150px) 100vw, 150px\" \/><\/div>\n                                            <div class=\"mec-event-date mec-color\"><i class=\"mec-sl-calendar\"><\/i> Sep 07 2024<\/div>\n                                        <h4 class=\"mec-event-title\"><a class=\"mec-color-hover\" data-event-id=\"525\" href=\"https:\/\/piednu.cargo.site\/\">Un \u00e9t\u00e9 au Havre\/sur le toit<\/a><span class=\"event-color\" style=\"background: #fdd700\"><\/span><\/h4>\n                    <div class=\"mec-event-detail\"><i class=\"mec-sl-map-marker\"><\/i> Docks Vauban, Quai Frissard - Le Havre<\/div>                            <\/article>\n            \t\t\n                    \n                        <article class=\"mec-event-article mec-clear\">\n                                    <div class=\"mec-event-image\"><img width=\"150\" height=\"150\" src=\"https:\/\/francoisbuffet.com\/francois-2022\/wp-content\/uploads\/2024\/08\/UMF_PLOUFF_Facebook_Cover_Evenement-1024x536-1-150x150.jpeg\" class=\"attachment-thumbnail size-thumbnail wp-post-image\" alt=\"\" data-mec-postid=\"528\" loading=\"lazy\" srcset=\"https:\/\/francoisbuffet.com\/francois-2022\/wp-content\/uploads\/2024\/08\/UMF_PLOUFF_Facebook_Cover_Evenement-1024x536-1-150x150.jpeg 150w, https:\/\/francoisbuffet.com\/francois-2022\/wp-content\/uploads\/2024\/08\/UMF_PLOUFF_Facebook_Cover_Evenement-1024x536-1-300x300.jpeg 300w\" sizes=\"(max-width: 150px) 100vw, 150px\" \/><\/div>\n                                            <div class=\"mec-event-date mec-color\"><i class=\"mec-sl-calendar\"><\/i> Ao\u00fbt 25 2024<\/div>\n                                        <h4 class=\"mec-event-title\"><a class=\"mec-color-hover\" data-event-id=\"528\" href=\"https:\/\/www.unmondeflottant.eu\/plouff\/\">Un Monde Flottant<\/a><span class=\"event-color\" style=\"background: #fdd700\"><\/span><\/h4>\n                    <div class=\"mec-event-detail\"><i class=\"mec-sl-map-marker\"><\/i> Quai Lescure \u2013 1, rue de la r\u00e9publique 76240 Bonsecours<\/div>                            <\/article>\n            \t\t\t<\/div>\n<\/div>    <\/div>\n    <div class=\"mec-skin-list-no-events-container mec-util-hidden\" id=\"mec_skin_no_events_45\">\n        Aucun \u00e9v\u00e9nement \u00e0 venir !    <\/div>\n        \n        \n<\/div>\n[\/vc_column_text][\/vc_column_inner][\/vc_row_inner][\/vc_column][vc_column width=&#8221;1\/2&#8243;][vc_column_text uncode_shortcode_id=&#8221;171915&#8243;]<div id=\"audioigniter-23\" class=\"audioigniter-root \" data-player-type=\"simple\" data-tracks-url=\"https:\/\/francoisbuffet.com\/francois-2022\/?audioigniter_playlist_id=23\" data-display-track-no=\"false\" data-reverse-track-order=\"false\" data-display-tracklist-covers=\"false\" data-display-active-cover=\"false\" data-display-artist-names=\"false\" data-display-buy-buttons=\"false\" data-buy-buttons-target=\"false\" data-cycle-tracks=\"false\" data-display-credits=\"false\" data-display-tracklist=\"true\" data-allow-tracklist-toggle=\"true\" data-allow-tracklist-loop=\"true\" data-limit-tracklist-height=\"true\" data-volume=\"100\" data-tracklist-height=\"185\" ><\/div>[\/vc_column_text][\/vc_column][\/vc_row]<\/p>\n","protected":false},"excerpt":{"rendered":"<p>[vc_row row_height_percent=&#8221;0&#8243; back_color=&#8221;color-211273&#8243; overlay_alpha=&#8221;50&#8243; gutter_size=&#8221;3&#8243; column_width_percent=&#8221;100&#8243; shift_y=&#8221;0&#8243; z_index=&#8221;0&#8243; uncode_shortcode_id=&#8221;117451&#8243; back_color_type=&#8221;uncode-palette&#8221;][vc_column width=&#8221;1\/2&#8243;][vc_row_inner row_inner_height_percent=&#8221;0&#8243; back_color=&#8221;color-176097&#8243; overlay_alpha=&#8221;50&#8243; gutter_size=&#8221;3&#8243; shift_y=&#8221;0&#8243; z_index=&#8221;0&#8243; uncode_shortcode_id=&#8221;153401&#8243; back_color_type=&#8221;uncode-palette&#8221;][vc_column_inner column_width_percent=&#8221;100&#8243; [&hellip;]<\/p>\n","protected":false},"author":1,"featured_media":0,"parent":0,"menu_order":0,"comment_status":"closed","ping_status":"closed","template":"","meta":[],"_links":{"self":[{"href":"https:\/\/francoisbuffet.com\/francois-2022\/wp-json\/wp\/v2\/pages\/25"}],"collection":[{"href":"https:\/\/francoisbuffet.com\/francois-2022\/wp-json\/wp\/v2\/pages"}],"about":[{"href":"https:\/\/francoisbuffet.com\/francois-2022\/wp-json\/wp\/v2\/types\/page"}],"author":[{"embeddable":true,"href":"https:\/\/francoisbuffet.com\/francois-2022\/wp-json\/wp\/v2\/users\/1"}],"replies":[{"embeddable":true,"href":"https:\/\/francoisbuffet.com\/francois-2022\/wp-json\/wp\/v2\/comments?post=25"}],"version-history":[{"count":4,"href":"https:\/\/francoisbuffet.com\/francois-2022\/wp-json\/wp\/v2\/pages\/25\/revisions"}],"predecessor-version":[{"id":164,"href":"https:\/\/francoisbuffet.com\/francois-2022\/wp-json\/wp\/v2\/pages\/25\/revisions\/164"}],"wp:attachment":[{"href":"https:\/\/francoisbuffet.com\/francois-2022\/wp-json\/wp\/v2\/media?parent=25"}],"curies":[{"name":"wp","href":"https:\/\/api.w.org\/{rel}","templated":true}]}}