{"id":121,"date":"2022-12-07T10:54:11","date_gmt":"2022-12-07T09:54:11","guid":{"rendered":"http:\/\/francoisbuffet.com\/francois-2022\/?page_id=121"},"modified":"2025-05-21T09:51:58","modified_gmt":"2025-05-21T07:51:58","slug":"bio-dates","status":"publish","type":"page","link":"https:\/\/francoisbuffet.com\/francois-2022\/bio-dates\/","title":{"rendered":"BIO\/DATES"},"content":{"rendered":"<p>[vc_row row_height_percent=&#8221;0&#8243; back_color=&#8221;color-211273&#8243; overlay_alpha=&#8221;50&#8243; gutter_size=&#8221;3&#8243; column_width_percent=&#8221;100&#8243; shift_y=&#8221;0&#8243; z_index=&#8221;0&#8243; uncode_shortcode_id=&#8221;112516&#8243; back_color_type=&#8221;uncode-palette&#8221;][vc_column column_width_percent=&#8221;100&#8243; gutter_size=&#8221;3&#8243; style=&#8221;dark&#8221; overlay_alpha=&#8221;50&#8243; shift_x=&#8221;0&#8243; shift_y=&#8221;0&#8243; shift_y_down=&#8221;0&#8243; z_index=&#8221;0&#8243; medium_width=&#8221;0&#8243; mobile_width=&#8221;0&#8243; width=&#8221;1\/2&#8243; uncode_shortcode_id=&#8221;254321&#8243;][vc_column_text uncode_shortcode_id=&#8221;886850&#8243;]<\/p>\n<h2 class=\"vc_custom_heading\">BIOGRAPHIE<\/h2>\n<div class=\"wpb_text_column wpb_content_element \">\n<div class=\"wpb_wrapper\">\n<p>(English below)<\/p>\n<p class=\"p1\"><span class=\"s1\"><b>Fran\u00e7ois Buffet (1980), vit \u00e0 Rouen (France)<\/b><\/span><\/p>\n<p class=\"p1\"><span class=\"s1\">En 2013 il est s\u00e9lectionn\u00e9 au concert-concours \u00ab Banc d\u2019essai \u00bb du Groupe de Recherches Musicales (GRM, Paris), il re\u00e7oit une commande du GRM en 2014 pour la cr\u00e9ation de sa pi\u00e8ce <em>En to pan<\/em>. En 2017 et 2018 il est invit\u00e9 en r\u00e9sidence dans les studio de Musiques &amp; Recherches pour la cr\u00e9ation \u00e0 Bruxelles de <i>Holos<\/i>.\u00a0<\/span><span class=\"s2\">En 2017 il re\u00e7oit une mention d\u2019honneur lors du concours international de composition \u00e9lectroacoustique Iannis Xenakis \u00e0 Thessalonique en Gr\u00e8ce. En 2018 il remporte le Prix Russolo avec une s\u00e9rie de concerts dans plusieurs villes du monde (Moscou, Paris, Ath\u00e8nes, Annecy, Valencia, Lisbonne, Gen\u00e8ve, Prague, Belfast, Osaka). En 2020 il remporte le 2nd Prix du concours international de composition acousmatique \u00ab M\u00e9tamorphoses \u00bb de Musiques &amp; Recherches \u00e0 Bruxelles. En 2025 il est en r\u00e9sidence dans les studios de Musiques &amp; Recherches \u00e0 Bruxelles pour la cr\u00e9ation de sa pi\u00e8ce <em>le d\u00d4me<\/em>, compos\u00e9e en 16 canaux avec un d\u00f4me d&#8217;enceintes.\u00a0<\/span><\/p>\n<p class=\"p3\">Il est membre-fondateur de l\u2019association Module Etrange (musiques \u00e9lectroacoustiques, Rouen) et de l\u2019association et du festival Plage Sonore (musiques exp\u00e9rimentales et innovantes, Normandie).<\/p>\n<p class=\"p4\"><span class=\"s3\">Ses compositions se situent essentiellement autour de la musique acousmatique, d\u00e9veloppant une harmonie fr\u00e9quentielle et une approche holistique du champs sonore.<\/span><span class=\"s1\">\u00a0Son attirance, depuis son enfance, pour ce qui touche au cosmique et \u00e0 une forme de qu\u00eate d\u2019absolu, marque profond\u00e9ment son esth\u00e9tique qui privil\u00e9gie un son ample et extatique.<\/span><\/p>\n<p class=\"p1\"><span class=\"s1\">Il entretient une relation importante avec l\u2019image, en travaillant r\u00e9guli\u00e8rement avec des artistes-vid\u00e9astes en France et \u00e0 l\u2019\u00e9tranger dans le domaine du cin\u00e9ma exp\u00e9rimental. Il est \u00e0 l\u2019origine de plusieurs compositions pour des documentaires, fictions, expositions photographiques.<\/span><\/p>\n<p class=\"p1\"><span class=\"s1\">Ses oeuvres sont jou\u00e9es et diffus\u00e9es dans divers concerts, festivals et \u00e9missions de radio : Electromania, Electrain de nuit (France Musique), Akousma (GRM, Paris), Musiques &amp; Recherches <\/span>(Bruxelles)<span class=\"s1\">, Centro Mexicano para la Musica y las Artes Sonoras (Mexico),\u00a0<\/span><span class=\"s3\">Festival Plage Sonore (Normandie, France), Festival Licence (Paris),\u00a0<\/span><span class=\"s1\">Festival Futura (Crest, France), Mus\u00e9e d\u2019art moderne Andr\u00e9 Malraux (Le Havre), Festival Tourneson (Le Havre, France), Multim\u00e9dia exhibition (Modena, Italia), 106 exp\u00e9rience (Rouen, France), Edinburgh Internationnal Film Festival (Scotland)\u2026<\/span><\/p>\n<p class=\"p6\"><span class=\"s1\">Il a \u00e9tudi\u00e9 la musicologie \u00e0 l\u2019Universit\u00e9 de Rouen avec Olivier Meston et Pierre Albert Castanet, puis \u00e0 l\u2019Universit\u00e9 Paris-Sorbonne avec Marc Battier, pour un Master autour de la musique mixte et \u00e9lectroacoustique (1999-2006). Il a parall\u00e8lement suivi la classe d\u2019\u00e9criture de Jacques Petit au conservatoire de Rouen. Il a effectu\u00e9 des s\u00e9ances d\u2019enseignement et de cr\u00e9ation en musique \u00e9lectroacoustique pour les \u00e9tudiants de l\u2019Universit\u00e9 de Rouen et de l\u2019\u00e9cole d\u2019art du Havre (2003-2008\/2012). Apr\u00e8s un stage au GRM (Groupe de Recherches Musicales, Paris) en 2005 pour participer au d\u00e9veloppement du logiciel \u00ab\u00a0Acousmographe\u00a0\u00bb, il publie des analyses d\u2019oeuvres \u00e9lectroacoustiques, notamment pour l\u2019\u00e9ducation nationale et Magison (Fran\u00e7ois Bayle).<\/span><\/p>\n<\/div>\n<\/div>\n<div class=\"wpb_text_column wpb_content_element \">\n<div class=\"wpb_wrapper\">\n<p><strong>Bio in english :<\/strong><\/p>\n<p><strong>Fran\u00e7ois Buffet (1980), lives in Rouen (France)<\/strong><\/p>\n<p class=\"p1\">In 2013, he was laureate of the international acousmatic music competition \u00ab\u00a0Banc d\u2019essai\u00a0\u00bb organised by the GRM in Paris. In 2014 he was commissioned by the GRM to create\u00a0<i>En to pan.<\/i>\u00a0In 2017 he is invited in the Musiques et Recherches studios (Belgium) for create\u00a0<i>Holos<\/i>.\u00a0<span class=\"s1\">In 2017, he is awarded for the International Electroacoustic Composition Competition Iannis Xenakis in Thessaloniki (Greece). In 2018, he is finalist of the Prix Russolo with many concerts in the world.<\/span><\/p>\n<p class=\"p1\">He is co-founder of Module Etrange (electroacoustic music) and Plage Sonore Festival in Normandy (experimental music diffusion).<\/p>\n<p class=\"p2\"><span class=\"s2\">His works focuses essentially on acousmatic composition, developing a holistic thought of the different sound parameters.\u00a0<\/span>His attraction, since his childhood, for everything that deals with cosmos and a shape of quest for absolute, inspired his aesthetics, favouring a wide and ecstatic sound.<\/p>\n<p class=\"p1\">He have an important relationship with image, working regularly with video artists in France and aboard in experimental movie domain. He made several soundtracks documentaries, fictions, photo expositions.<\/p>\n<p class=\"p4\"><span class=\"s3\">His work has been played and broadcast in various festivals, shows and radios, including Electromania, Electrain de nuit (Radio France), Akousma (GRM, Paris), Banc d\u2019essai (GRM, Paris),<\/span>\u00a0<span class=\"s5\">Festival Plage Sonore (Normandie, France), Festival Licence (Paris), Electrobelge (Bruxelles)<\/span><span class=\"s3\">, Festival Futura (Crest, France), Multim\u00e9dia exhibition (Modena, Italia), Festival Tourneson (Le Havre, France), Edinbugh Internationnal Film Festival (Edinburgh, Scotlands) and 106 exp\u00e9rience (Rouen, France).<\/span><\/p>\n<p class=\"p4\">He studied musicology at the University of Rouen (Normandy) and at the University of Paris-Sorbonne where he completed a degree (Master) directed by Marc Battier in electroacoustic music between 2000 and 2006, especially about Jean-Claude Risset\u2019s works. He also attended composition classes with Jacques Petit at the Conservatory of Rouen. He has given workshops in computer music at the University of Rouen and Le Havre Art school. After a course at the GRM (Groupe de Recherches Musicales, Paris) he took part in the development of the \u00ab\u00a0Acousmographe\u00a0\u00bb software, and carried out projects for the education ministry. He co-authored a book with Fran\u00e7ois Bayle.<\/p>\n<\/div>\n<\/div>\n<p>[\/vc_column_text][\/vc_column][vc_column column_width_percent=&#8221;100&#8243; gutter_size=&#8221;3&#8243; style=&#8221;dark&#8221; back_color=&#8221;color-211273&#8243; overlay_alpha=&#8221;50&#8243; shift_x=&#8221;0&#8243; shift_y=&#8221;0&#8243; shift_y_down=&#8221;0&#8243; z_index=&#8221;0&#8243; medium_width=&#8221;0&#8243; mobile_width=&#8221;0&#8243; width=&#8221;1\/2&#8243; uncode_shortcode_id=&#8221;114280&#8243; back_color_type=&#8221;uncode-palette&#8221;][vc_column_text uncode_shortcode_id=&#8221;166942&#8243;]<\/p>\n<h2 class=\"vc_custom_heading\">DATES PASS\u00c9ES\/PAST DATES SINCE 2011<\/h2>\n<p>&#8211; Electrobelge Musiques &amp; Recherches &#8211; 05\/03\/2025 &#8211; Belgium<br \/>\n&#8211; International Music Exhibition\/MUSLAB &#8211; 02\/12\/2024 &#8211; Ecuador<br \/>\n&#8211; Festival Licences &#8211; 07\/10\/2024 &#8211; Paris<br \/>\n&#8211; Un \u00e9t\u00e9 au Havre\/Sur le toit &#8211; 07\/09\/2024- Le Havre<br \/>\n&#8211; Un Monde Flottant &#8211; 25\/08\/2024 &#8211; Bonsecours<br \/>\n&#8211; Electroquartier#2 &#8211; 30\/06\/2024 &#8211; Rouen<br \/>\n&#8211; Electroquartier#1 &#8211; 08\/06\/2024 &#8211; Rouen<br \/>\n&#8211; Cr\u00e9ation &#8220;Le Jour&#8221; &#8211; 15\/08\/2023 &#8211; Abbaye de Jumi\u00e8ge<br \/>\n&#8211; Un Monde Flottant &#8211; 15\/06\/2023 &#8211; Rouen<br \/>\n&#8211; Jardin Acousmatique &#8211; 23\/07\/2023 &#8211; Rouen<br \/>\n&#8211; Mus\u00e9e des Beaux-Arts &#8211; 30\/03\/2023 &#8211; Rouen<br \/>\n&#8211; 40 ans de Musiques &amp; Recherches &#8211; 30\/11\/2022- C12 -Bruxelles<br \/>\n&#8211; Rouen-sur-Mer &#8211; 15\/07\/2022 &#8211; Rouen<br \/>\n&#8211; Plage Sonore &#8211; 13\/07\/2022 &#8211; Ch\u00e2teau de Caen<br \/>\n&#8211; Art e Scienza &#8211; GOETHE-INSTITUT &#8211; 10\/07\/2022 &#8211; Roma &#8211; Italy<br \/>\n\u2013 Festival Pour les Oiseaux \u2013 29\/08\/2021 \u2013 Le Havre<br \/>\n\u2013 Concert aux \u00e9toiles \u2013 Modules \u00e9trange \u2013 20\/08\/2021 \u2013 Ymare<br \/>\n\u2013 Le Bruit de la Neige \u2013 16\/06\/2021 \u2013 Annecy<br \/>\n\u2013 Matera Intermedia Festival \u2013 25-&gt;27\/06\/2021 \u2013 Lecce \u2013 Italy<br \/>\n\u2013 Finale du concours international de composition acousmatique M\u00e9tamorphoses \u2013 Musiques &amp; Recherches \u2013 21\/10\/2020 \u2013 Th\u00e9\u00e2tre Marni \u2013 Bruxelles \u2013 Belgium<br \/>\n\u2013 Concert portrait \u2013 Festival License \u2013 01\/06\/2020 \u2013 Paris (canceled)<br \/>\n\u2013 Concert portrait \u2013 Le 06\/05\/2020 \u2013 Le Bruite de la Neige \u2013 Annecy (canceled)<br \/>\n\u2013 Concert des laur\u00e9ats de concours internationaux \u2013 18\/03\/2020 \u2013 Musiques &amp; Recherches \u2013 Bruxelles \u2013 Belgium (canceled)<br \/>\n\u2013 Holos \u2013 Concert monographique \u2013 08\/11\/2019 \u2013 La Maison de L\u2019Universit\u00e9 \u2013 Rouen<br \/>\n\u2013 Festival Futura \u2013 24\/08\/2019 \u2013 Crest<br \/>\n\u2013 Centro Mexicano para la Musica y las Artes Sonoras \u2013 19\/07\/2019 \u2013 Mexico<br \/>\n\u2013 Prix Russolo \u2013 Vinzavod.RU \u2013 29\/03\/2019 \u2013 Moscow \u2013 Russia<br \/>\n\u2013 Prix Russolo \u2013 Festival Licences \u2013 09\/bsp03\/2019 \u2013 Paris<br \/>\n\u2013 Prix Russolo \u2013 Chimeres.Space \u2013 23\/02\/2019 \u2013 Athens \u2013 Greece<br \/>\n\u2013 Prix Russolo \u2013 Festival Le Bruit de la Neige \u2013 16\/12\/2018 \u2013 Annecy<br \/>\n\u2013 Ce Surgissement du Noir\/Guillaume Laurent \u2013 Galerie Full B1 \u2013 06\/12\/2018\/ au 05\/01\/2019 \u2013 Rouen<br \/>\n\u2013 Prix Russolo \u2013 Phonoth\u00e8que \u2013 01\/12\/2018 \u2013 Hyogo \u2013 Japan<br \/>\n\u2013 Live \u00e9lectronics \u2013 Concert Module \u00e9trange \u2013 La Maison de L\u2019Universit\u00e9 \u2013 30\/11\/2018 \u2013 Mont-Saint-Aignan<br \/>\n\u2013 Prix Russolo \u2013 Queen\u2019s University \u2013 24\/11\/2018 \u2013 Valencia \u2013 Spain<br \/>\n\u2013 Prix Russolo \u2013 Belas Artes \u2013 21\/11\/2018 \u2013 Lisboa \u2013 Portugal<br \/>\n\u2013 Prix Russolo \u2013 Lo Cirero Party \u2013 10\/11\/2018 \u2013 Geneve \u2013 Swizerland<br \/>\n\u2013 Prix Russolo \u2013 Czech Music Information Center \u2013 01\/11\/2018 \u2013 Prague \u2013 Czech Republic<br \/>\n\u2013 Prix Russolo \u2013 Queen\u2019s University \u2013 27\/10\/2018 \u2013 Belfast \u2013 Ireland<br \/>\n\u2013 Festival Plage Sonore\/Festival Pan \u2013 23\/09\/2018 \u2013 Cean<br \/>\n\u2013 Festival Licences \u2013 27\/04\/2018 \u2013 Paris<br \/>\n\u2013 Electrobelge \u2013 cr\u00e9ation mondiale pour Musiques &amp; Recherches \u2013 25\/04\/2018 \u2013 Bruxelles \u2013 Belgium<br \/>\n\u2013 Festival Futura \u2013 Motus \u2013 26\/08\/2017 \u2013 Crest<br \/>\n\u2013 Festival Licences \u2013 22\/04\/2017 \u2013 Paris<br \/>\n\u2013 Live Electronics \u2013 De bruit et d\u2019encre \u2013 8\/04\/2017 \u2013 Rouen<br \/>\n\u2013 Iannis Xenakis International Electronic Music Competition \u2013 Aristotle University of Thessaloniki \u2013 1\/04\/2017 \u2013 Tessaloniki \u2013 Greece<br \/>\n\u2013 Live \u00e9lectronics \u2013 Concert Module \u00e9trange \u2013 La Maison de L\u2019Universit\u00e9 \u2013 17\/03\/2017 \u2013 Mont-Saint-Aignan<br \/>\n\u2013 Live \u00e9lectronics \u2013 Mus\u00e9e d\u2019art moderne Andr\u00e9 Malraux \u2013 24\/11\/2017 \u2013 Le Havre<br \/>\n\u2013 Exposition l\u2019Inconscient physique\/Guillaume Laurent \u2013 Point Limite \u2013 18\/11\/2016 au 10\/01\/2017 \u2013 Rouen<br \/>\n\u2013 Festival Futura \u2013 Crest \u2013 28\/08\/2016 \u2013 Crest<br \/>\n\u2013 Plage Sonore #3\u2033- A\u00eetre Saint-Maclou \u2013 19\/06\/2016 \u2013 Rouen<br \/>\n\u2013 Sieste acousmatique \u2013 Alc\u00f4me \u2013 Confluence \u2013 30\/04\/2016 \u2013 Paris<br \/>\n\u2013 La Semaine du son \u2013 Radio Saint-F\u00e9 \u2013 21\/01\/2016<br \/>\n\u2013 Micro-festival d\u2019hiver \u2013 Live Electronics \u2013 Piednu \u2013 4\/12\/2015 \u2013 Le Havre<br \/>\n\u2013 Concert priv\u00e9 \u2013 Acousmatique \u2013 12\/12\/2015 \u2013 Lille<br \/>\n\u2013 ONVI#4 du P\u00f4le Image Haute-Normandie \u2013 Projection vid\u00e9o et acousmonium \u2013 Le T\u00e9tris \u2013 11\/12\/2015 \u2013 Le Havre<br \/>\n\u2013 Phonog\u00e8ne \u2013 12\/10\/2015 \u2013 Radio HDR<br \/>\n\u2013 Semaine de la musique improvis\u00e9e \u2013 Live electronic \u2013 Point Limite \u2013 02\/10\/2015 \u2013 Rouen<br \/>\n\u2013 Tourneson \u2013 29-30\/08\/2015 \u2013 Le Havre<br \/>\n\u2013 Festival Futura \u2013 22-23\/08\/2015 \u2013 Crest<br \/>\n\u2013 Plage sonore \u2013 Rencontre musique \u00e9lectroacoustique, musique improvis\u00e9e \u2013 04-05\/07\/2015- Evreux<br \/>\n\u2013 Edinburgh Internationnal Film Festival \u2013 25\/06\/2015 \u2013 Edinburgh \u2013 Scotlands<br \/>\n\u2013 En to pan \u2013 Concert acousmatique \u2013 La briquetterie \u2013 12\/06\/2015 \u2013 Amiens<br \/>\n\u2013 Printemps de Rouen \u2013 Abbatiale St-Ouen \u2013 24\/05\/2015 \u2013 Rouen<br \/>\n\u2013 Les villes invisibles \u2013 24\/04\/2015 \u2013 Mus\u00e9e des Beaux-Arts \u2013 Rouen<br \/>\n\u2013 Electrain de nuit \u2013 14\/02\/2015 \u2013 France Musique<br \/>\n\u2013 Akousma \u2013 GRM \u2013 25\/01\/2015 \u2013 Paris<br \/>\n\u2013 Festival Boule de noyse \u2013 20\/12\/2014 \u2013 Reims<br \/>\n\u2013 Concert de fin de r\u00e9sidence \u00e0 Piednu \u2013 05\/12\/2014 \u2013 Le Havre<br \/>\n\u2013 Tourneson \u2013 02\/07\/2014 \u2013 Le Havre<br \/>\n\u2013 Electrochips#1 \u2013 18\/01\/2014 \u2013 Rouen<br \/>\n\u2013 An evening at the church \u2013 2\/11\/2013 \u2013 Amsterdam<br \/>\n\u2013 Banc d\u2019essai GRM \u2013 06\/10\/2013 \u2013 Paris<br \/>\n\u2013 Celestial Valley\/Guillaume Laurent \u2013 25\/10 au 14\/11\/2013 \u2013 Rouen<br \/>\n\u2013 Phonog\u00e8ne \u2013 Radio HDR \u2013 3\/10\/2013 \u2013 Rouen<br \/>\n\u2013 Cr\u00e9ation radiophonique \u00ab Autour du bal\u2026\u00a0\u00bb \u2013 septembre 2013 \u2013 Reims<br \/>\n\u2013 Tourneson \u2013 14\/09\/2013 \u2013 Le Havre<br \/>\n\u2013 Festival Futura \u2013 25\/08\/2013 \u2013 Crest<br \/>\n\u2013 Electromania \u2013 02\/07\/2013 \u2013 France Musique<br \/>\n\u2013 Entr\u00e9e Libre#3 \u2013 25\/05\/2013 \u2013 Rouen<br \/>\n\u2013 Scatch : villes, univers urbain \u2013 Lightcone \u2013 23\/04\/2013 \u2013 Paris<br \/>\n\u2013 Festival Piednu \u2013 Piednu \u2013 31\/03\/2013 \u2013 Le Havre<br \/>\n\u2013 2nd Mobile Creativity &amp; Mobile Innovation Symposium \u2013 24\/11\/2012 \u2013 Massey University \u2013 New Zealand<br \/>\n\u2013 106 exp\u00e9rience \u2013 Le 106 \u2013 6\/11\/2012 \u2013 Rouen<br \/>\n\u2013 Phonog\u00e8ne \u2013 Radio HDR \u2013 04\/10\/2012 \u2013 Rouen<br \/>\n\u2013 Impermanenza delle cose \u2013 du 23\/09 au 21\/10\/2012 \u2013 Modena \u2013 Italia<br \/>\n\u2013 30 ans de Lightcone \u2013 Lightcone \u2013 15\/092012 \u2013 Paris<br \/>\n\u2013 Tourneson \u2013 Piednu \u2013 15\/09\/2012 \u2013 Le Havre<br \/>\n\u2013 Force Majeure \u2013 S\u00f6rk Galerie \u2013 26\/06\/2012 \u2013 Rouen<br \/>\n\u2013 Entr\u00e9e Libre#2 \u2013 12\/05\/2012 \u2013 Rouen<br \/>\n\u2013 Le d\u00e9but de la fin \u2013 Les rendez-vous du presbyt\u00e8re \u2013 31\/12\/2011- Cherbourg<br \/>\n\u2013 Tourneson \u2013 Piednu \u2013 17 et 18\/09\/2011 \u2013 Le Havre<br \/>\n\u2013 Care \u2013 St\u00f6rk Galerie \u2013 26\/062011 \u2013 Rouen<br \/>\n\u2013 Tourneson \u2013 Piednu \u2013 18\/09\/2010 \u2013 Le Havre[\/vc_column_text][\/vc_column][\/vc_row]<\/p>\n","protected":false},"excerpt":{"rendered":"<p>[vc_row row_height_percent=&#8221;0&#8243; back_color=&#8221;color-211273&#8243; overlay_alpha=&#8221;50&#8243; gutter_size=&#8221;3&#8243; column_width_percent=&#8221;100&#8243; shift_y=&#8221;0&#8243; z_index=&#8221;0&#8243; uncode_shortcode_id=&#8221;112516&#8243; back_color_type=&#8221;uncode-palette&#8221;][vc_column column_width_percent=&#8221;100&#8243; gutter_size=&#8221;3&#8243; style=&#8221;dark&#8221; overlay_alpha=&#8221;50&#8243; shift_x=&#8221;0&#8243; shift_y=&#8221;0&#8243; shift_y_down=&#8221;0&#8243; z_index=&#8221;0&#8243; medium_width=&#8221;0&#8243; mobile_width=&#8221;0&#8243; [&hellip;]<\/p>\n","protected":false},"author":1,"featured_media":0,"parent":0,"menu_order":0,"comment_status":"closed","ping_status":"closed","template":"","meta":[],"_links":{"self":[{"href":"https:\/\/francoisbuffet.com\/francois-2022\/wp-json\/wp\/v2\/pages\/121"}],"collection":[{"href":"https:\/\/francoisbuffet.com\/francois-2022\/wp-json\/wp\/v2\/pages"}],"about":[{"href":"https:\/\/francoisbuffet.com\/francois-2022\/wp-json\/wp\/v2\/types\/page"}],"author":[{"embeddable":true,"href":"https:\/\/francoisbuffet.com\/francois-2022\/wp-json\/wp\/v2\/users\/1"}],"replies":[{"embeddable":true,"href":"https:\/\/francoisbuffet.com\/francois-2022\/wp-json\/wp\/v2\/comments?post=121"}],"version-history":[{"count":4,"href":"https:\/\/francoisbuffet.com\/francois-2022\/wp-json\/wp\/v2\/pages\/121\/revisions"}],"predecessor-version":[{"id":541,"href":"https:\/\/francoisbuffet.com\/francois-2022\/wp-json\/wp\/v2\/pages\/121\/revisions\/541"}],"wp:attachment":[{"href":"https:\/\/francoisbuffet.com\/francois-2022\/wp-json\/wp\/v2\/media?parent=121"}],"curies":[{"name":"wp","href":"https:\/\/api.w.org\/{rel}","templated":true}]}}